{"id":73,"date":"2009-10-09T14:04:37","date_gmt":"2009-10-09T12:04:37","guid":{"rendered":"https:\/\/www.gruppofolkpievetesino.it\/?page_id=73"},"modified":"2009-10-11T16:21:26","modified_gmt":"2009-10-11T14:21:26","slug":"costumi","status":"publish","type":"page","link":"https:\/\/www.gruppofolkpievetesino.it\/?page_id=73","title":{"rendered":"I costumi"},"content":{"rendered":"<p style=\"text-align: center;\"><img loading=\"lazy\" class=\"size-full wp-image-74 aligncenter\" title=\"Immagine13\" src=\"\/wp-content\/uploads\/2009\/10\/Immagine13.jpg\" alt=\"Immagine13\" width=\"482\" height=\"485\" srcset=\"https:\/\/www.gruppofolkpievetesino.it\/wp-content\/uploads\/2009\/10\/Immagine13.jpg 720w, https:\/\/www.gruppofolkpievetesino.it\/wp-content\/uploads\/2009\/10\/Immagine13-150x150.jpg 150w, https:\/\/www.gruppofolkpievetesino.it\/wp-content\/uploads\/2009\/10\/Immagine13-297x300.jpg 297w\" sizes=\"(max-width: 482px) 100vw, 482px\" \/><\/p>\n<p>Il costume dell\u2019uomo: confezionato con stoffa di lana calda e pesante ci ricorda da vicino i costumi del confinante Tirolo.<br \/>\nL\u2019abito \u00e8 composto da pantaloni lunghi fino al ginocchio, un giacchino corto davanti con due code dietro dal cui taschino spunta un candido fazzoletto ricamato, una candida camicia chiusa da due pon-pon verdi, una fascia di panno rosso in vita, un paio di calzettoni bianchi, tuttora rigorosamente confezionati a mano ed un paio di scarpe nere arricchite da una fibbia che, nella tradizione era d\u2019argento. Completa l\u2019abbigliamento un cappello nero, rigido ed a tesa larga, guarnito da una piuma di gallo forcello.<\/p>\n<p>Il costume della donna: risale al 1600 ed \u00e8 tra i pi\u00f9 ricchi e caratteristici delle vallate alpine.<br \/>\nL\u2019insieme \u00e8 formato da un abito nero di lana, che termina con un\u2019alta balza colorata ed arricciata; questa si chiama \u201cDAPE\u2019\u201d, se \u00e8 di colore rosso indica che la ragazza \u00e8 nubile, se \u00e8 di colore giallo distingue la donna sposata o vedova. Il vestito femminile comprende una camicia bianca di lino ricamata a mano con collo alto di pizzo e una ricchissima pettorina trapuntata detta \u201csalva cuore\u201d anch\u2019essa ricamata a mano; le calze sono bianche con trafori e fiorellini rialzati.<br \/>\nA completare l\u2019abito un grembiule e uno scialle con nastri di pura seta detti \u201ccordelle\u201d in una fantasia a vivaci colori. I capelli sono riuniti in una treccia che incornicia il capo, qualche ricciolo accarezza la fronte, le tempie, le guance. Una \u201ccrestina\u201d ed un \u201ccucchetto\u201d di pizzo nero ornati di spilloni dorati incorniciano il tutto.<br \/>\nLe scarpette sono fatte a punta, di seta nera o di pelle d\u2019agnello con suole sottili, spesso ornate di fibbiette o nastrini.<br \/>\nCome gioielli le tesine portavano degli orecchini pendenti ed una spilla in oro, alcuni giri di granate originali attorno al collo.<\/p>\n","protected":false},"excerpt":{"rendered":"<p>Il costume dell\u2019uomo: confezionato con stoffa di lana calda e pesante ci ricorda da vicino i costumi del confinante Tirolo. L\u2019abito \u00e8 composto da pantaloni lunghi fino al ginocchio, un giacchino corto davanti con due code dietro dal cui taschino spunta un candido fazzoletto ricamato, una candida camicia chiusa da due pon-pon verdi, una fascia&#8230;<\/p>\n","protected":false},"author":1,"featured_media":0,"parent":0,"menu_order":2,"comment_status":"open","ping_status":"open","template":"","meta":[],"_links":{"self":[{"href":"https:\/\/www.gruppofolkpievetesino.it\/index.php?rest_route=\/wp\/v2\/pages\/73"}],"collection":[{"href":"https:\/\/www.gruppofolkpievetesino.it\/index.php?rest_route=\/wp\/v2\/pages"}],"about":[{"href":"https:\/\/www.gruppofolkpievetesino.it\/index.php?rest_route=\/wp\/v2\/types\/page"}],"author":[{"embeddable":true,"href":"https:\/\/www.gruppofolkpievetesino.it\/index.php?rest_route=\/wp\/v2\/users\/1"}],"replies":[{"embeddable":true,"href":"https:\/\/www.gruppofolkpievetesino.it\/index.php?rest_route=%2Fwp%2Fv2%2Fcomments&post=73"}],"version-history":[{"count":9,"href":"https:\/\/www.gruppofolkpievetesino.it\/index.php?rest_route=\/wp\/v2\/pages\/73\/revisions"}],"predecessor-version":[{"id":174,"href":"https:\/\/www.gruppofolkpievetesino.it\/index.php?rest_route=\/wp\/v2\/pages\/73\/revisions\/174"}],"wp:attachment":[{"href":"https:\/\/www.gruppofolkpievetesino.it\/index.php?rest_route=%2Fwp%2Fv2%2Fmedia&parent=73"}],"curies":[{"name":"wp","href":"https:\/\/api.w.org\/{rel}","templated":true}]}}