{"id":55,"date":"2009-10-09T13:47:10","date_gmt":"2009-10-09T12:47:10","guid":{"rendered":"https:\/\/www.gruppofolkpievetesino.it\/?page_id=55"},"modified":"2013-07-24T19:43:42","modified_gmt":"2013-07-24T17:43:42","slug":"eccoci-qui","status":"publish","type":"page","link":"https:\/\/www.gruppofolkpievetesino.it\/?page_id=55","title":{"rendered":"Eccoci qui"},"content":{"rendered":"<p>Il gruppo Folk si \u00e8 rinnovato!<\/p>\n<p>Nella primavera del 2008, un gruppo di ragazzi del paese si \u00e8 dato da fare per cercare di ricostituire.<br \/>\nil Gruppo Folk che ormai da 3 anni non era pi\u00f9 attivo.<br \/>\nGrazie alla buona volont\u00e0 di questi ragazzi e grazie all\u2019appoggio che alcuni ex membri hanno offerto loro,.<br \/>\nil Gruppo Folk di Pieve Tesino ha potuto finalmente ritornare a danzare e portare nuovamente in paese quell\u2019allegria.<br \/>\nparticolare, che nei giovani suscita curiosit\u00e0 e negli anziani nostalgia.<br \/>\nNonostante le difficolt\u00e0 incontrate a causa dell\u2019inesperienza dei giovani, la loro tenacia ha portato ad ottimi risultati;<br \/>\nsiamo quindi fieri di presentarvi il nostro \u201cRINNOVATO GRUPPO FOLK\u201d:<\/p>\n<p>&nbsp;<\/p>\n<p><a href=\"https:\/\/www.gruppofolkpievetesino.it\/wp-content\/uploads\/2009\/10\/Folkore-Global-2011-3311.jpg\"><img loading=\"lazy\" class=\"alignnone size-medium wp-image-743\" title=\"Folkore Global 2011 (331)\" src=\"https:\/\/www.gruppofolkpievetesino.it\/wp-content\/uploads\/2009\/10\/Folkore-Global-2011-3311-300x225.jpg\" alt=\"\" width=\"300\" height=\"225\" srcset=\"https:\/\/www.gruppofolkpievetesino.it\/wp-content\/uploads\/2009\/10\/Folkore-Global-2011-3311-300x225.jpg 300w, https:\/\/www.gruppofolkpievetesino.it\/wp-content\/uploads\/2009\/10\/Folkore-Global-2011-3311-1024x768.jpg 1024w\" sizes=\"(max-width: 300px) 100vw, 300px\" \/><\/a><\/p>\n<p style=\"text-align: center;\">\n","protected":false},"excerpt":{"rendered":"<p>Il gruppo Folk si \u00e8 rinnovato! Nella primavera del 2008, un gruppo di ragazzi del paese si \u00e8 dato da fare per cercare di ricostituire. il Gruppo Folk che ormai da 3 anni non era pi\u00f9 attivo. Grazie alla buona volont\u00e0 di questi ragazzi e grazie all\u2019appoggio che alcuni ex membri hanno offerto loro,. il&#8230;<\/p>\n","protected":false},"author":1,"featured_media":0,"parent":0,"menu_order":3,"comment_status":"open","ping_status":"open","template":"","meta":[],"_links":{"self":[{"href":"https:\/\/www.gruppofolkpievetesino.it\/index.php?rest_route=\/wp\/v2\/pages\/55"}],"collection":[{"href":"https:\/\/www.gruppofolkpievetesino.it\/index.php?rest_route=\/wp\/v2\/pages"}],"about":[{"href":"https:\/\/www.gruppofolkpievetesino.it\/index.php?rest_route=\/wp\/v2\/types\/page"}],"author":[{"embeddable":true,"href":"https:\/\/www.gruppofolkpievetesino.it\/index.php?rest_route=\/wp\/v2\/users\/1"}],"replies":[{"embeddable":true,"href":"https:\/\/www.gruppofolkpievetesino.it\/index.php?rest_route=%2Fwp%2Fv2%2Fcomments&post=55"}],"version-history":[{"count":10,"href":"https:\/\/www.gruppofolkpievetesino.it\/index.php?rest_route=\/wp\/v2\/pages\/55\/revisions"}],"predecessor-version":[{"id":61,"href":"https:\/\/www.gruppofolkpievetesino.it\/index.php?rest_route=\/wp\/v2\/pages\/55\/revisions\/61"}],"wp:attachment":[{"href":"https:\/\/www.gruppofolkpievetesino.it\/index.php?rest_route=%2Fwp%2Fv2%2Fmedia&parent=55"}],"curies":[{"name":"wp","href":"https:\/\/api.w.org\/{rel}","templated":true}]}}