{"id":24,"date":"2009-10-09T10:53:16","date_gmt":"2009-10-09T08:53:16","guid":{"rendered":"https:\/\/www.gruppofolkpievetesino.it\/?page_id=24"},"modified":"2014-02-18T18:27:06","modified_gmt":"2014-02-18T17:27:06","slug":"i-nostri-balli","status":"publish","type":"page","link":"https:\/\/www.gruppofolkpievetesino.it\/?page_id=24","title":{"rendered":"I nostri balli"},"content":{"rendered":"<a id='wpaudio-6a05fd07944f9' class='wpaudio' href='\/wp-content\/uploads\/2009\/10\/01-Entrata.mp3'>Entrata<\/a>\n<p>Il repertorio dei balli del Gruppo comprende undici balli di cui una coreografia di entrata e una di chiusura.<br \/>\nI balletti in generale ricordano momenti di vita tesina del passato e, assieme alle musiche delle nostre montagne, presentano pure ritmi provenienti dalla cultura europea (ad esempio il ballo \u201cLa Bucovina\u201d \u00e8 portato dai Paesi Balcanici).<\/p>\n<p><a id='wpaudio-6a05fd0794502' class='wpaudio' href='\/wp-content\/uploads\/2009\/10\/03-Stiriana.mp3'>La  Stiriana<\/a><br \/>\nE\u2019 un\u2019allegra danza che aiuta la tesina a svagare il pensiero quando, la sera, scende dal monte con il suo cestino delle uova o dei mirtilli, dopo aver raccolto anche un mazzolino di fiori da donare al suo innamorato, che si trover\u00e0 con lei al dolce suono di una romantica melodia.<\/p>\n<p><a id='wpaudio-6a05fd0794508' class='wpaudio' href='\/wp-content\/uploads\/2009\/10\/02-Smolfrina.mp3'>La  Monfrina<\/a><br \/>\nDopo aver espresso tutto il suo amore al giovane innamorato, la tesina si unisce all\u2019allegra compagnia degli amici, danzando assieme a loro una brillante quadriglia.<\/p>\n<p><a id='wpaudio-6a05fd079450c' class='wpaudio' href='\/wp-content\/uploads\/2009\/10\/04-Paris-vecia.mp3'>La Paris<\/a><br \/>\nDanza portata dalla Baviera, vivace e allegra: le coppie si uniscono e si dividono per formare, in chiusura, una doppia stella: i ragazzi all\u2019interno e le giovani tesine all\u2019esterno.<\/p>\n<p><a id='wpaudio-6a05fd0794510' class='wpaudio' href='\/wp-content\/uploads\/2009\/10\/05-Scarparo.mp3'>El Scarparo<\/a><br \/>\nLa giovane tesina appare triste: non potr\u00e0 concedere al suo innamorato neppure un ballo perch\u00e9 le sue scarpine, ahim\u00e8, sono rotte\u2026ma il cavaliere, premuroso, si arma di forma, spago e cuoio\u2026in poco tempo cos\u00ec, la giovane potr\u00e0 calzare le nuove scarpine ed iniziare la danza.<\/p>\n<p><a id='wpaudio-6a05fd0794514' class='wpaudio' href='\/wp-content\/uploads\/2009\/10\/06-Bucovina.mp3'>La Bucovina<\/a><br \/>\nIl ritmo e le movenze presenti in questo ballo sono stati tramandati dai nostri vecchi che li hanno importati dalla regione dell\u2019Europa centro-orientale, chiamata appunto Bucovina, dove avevano sostato nel corso del loro girovagare, per l\u2019Europa e per il Mondo, per commerciare prima le pietre focaie e poi le famose stampe.<\/p>\n<p><a id='wpaudio-6a05fd0794518' class='wpaudio' href='\/wp-content\/uploads\/2009\/10\/07-Menestrina.mp3'>La  Menestrina<\/a><br \/>\nQuanta felicit\u00e0, quante emozioni, quante parole sussurrate sotto un cielo stellato\u2026 e quanta trepidazione nel chiedersi: \u201cMi sposer\u00e0? \u2013 Non mi sposer\u00e0?\u201d e via cos\u00ec, come sfogliando una margherita. Povera tesina: che minestrone nella sua testa!!!<\/p>\n<p><a id='wpaudio-6a05fd079451c' class='wpaudio' href='\/wp-content\/uploads\/2009\/10\/08-Paris-variata.mp3'>La Paris Variata<\/a><br \/>\nBallo le cui origini risalgono al 1600, i ballerini si scambiano la dama in un ritmo allegro di danza.<\/p>\n<p><a id='wpaudio-6a05fd079451f' class='wpaudio' href='\/wp-content\/uploads\/2009\/10\/09-Bal-dela-sciafa.mp3'>El bal de la S'ciafa<\/a><br \/>\nE\u2019 una quadriglia intrecciata fra coppie di dame e cavalieri. Quando la quadriglia si riunisce, schioccano gli schiaffi, reciprocamente, mano contro mano, tra i due gruppi di ballerini.<\/p>\n<p><a id='wpaudio-6a05fd0794523' class='wpaudio' href='\/wp-content\/uploads\/2009\/10\/10-Biondina.mp3'>Biondina<\/a><br \/>\nDanza a coppie che narra il felice incontro e il dolce concludersi dello stesso, con un affettuoso bacio\u2026ed una promessa\u2026<\/p>\n<a id='wpaudio-6a05fd0794526' class='wpaudio' href='\/wp-content\/uploads\/2009\/10\/11-Uscita.mp3'>Uscita<\/a>\n<p>La registrazione \u00e8 stata effettuata da <a href=\"http:\/\/www.diaolin.com\/wordpress\/\">Diaolin<\/a><\/p>\n","protected":false},"excerpt":{"rendered":"<p>Il repertorio dei balli del Gruppo comprende undici balli di cui una coreografia di entrata e una di chiusura. I balletti in generale ricordano momenti di vita tesina del passato e, assieme alle musiche delle nostre montagne, presentano pure ritmi provenienti dalla cultura europea (ad esempio il ballo \u201cLa Bucovina\u201d \u00e8 portato dai Paesi Balcanici)&#8230;.<\/p>\n","protected":false},"author":1,"featured_media":0,"parent":73,"menu_order":1,"comment_status":"open","ping_status":"closed","template":"","meta":[],"_links":{"self":[{"href":"https:\/\/www.gruppofolkpievetesino.it\/index.php?rest_route=\/wp\/v2\/pages\/24"}],"collection":[{"href":"https:\/\/www.gruppofolkpievetesino.it\/index.php?rest_route=\/wp\/v2\/pages"}],"about":[{"href":"https:\/\/www.gruppofolkpievetesino.it\/index.php?rest_route=\/wp\/v2\/types\/page"}],"author":[{"embeddable":true,"href":"https:\/\/www.gruppofolkpievetesino.it\/index.php?rest_route=\/wp\/v2\/users\/1"}],"replies":[{"embeddable":true,"href":"https:\/\/www.gruppofolkpievetesino.it\/index.php?rest_route=%2Fwp%2Fv2%2Fcomments&post=24"}],"version-history":[{"count":16,"href":"https:\/\/www.gruppofolkpievetesino.it\/index.php?rest_route=\/wp\/v2\/pages\/24\/revisions"}],"predecessor-version":[{"id":836,"href":"https:\/\/www.gruppofolkpievetesino.it\/index.php?rest_route=\/wp\/v2\/pages\/24\/revisions\/836"}],"up":[{"embeddable":true,"href":"https:\/\/www.gruppofolkpievetesino.it\/index.php?rest_route=\/wp\/v2\/pages\/73"}],"wp:attachment":[{"href":"https:\/\/www.gruppofolkpievetesino.it\/index.php?rest_route=%2Fwp%2Fv2%2Fmedia&parent=24"}],"curies":[{"name":"wp","href":"https:\/\/api.w.org\/{rel}","templated":true}]}}