{"id":186,"date":"2009-10-18T20:21:05","date_gmt":"2009-10-18T18:21:05","guid":{"rendered":"http:\/\/folk.diaolin.com\/?page_id=186"},"modified":"2013-07-31T21:36:58","modified_gmt":"2013-07-31T19:36:58","slug":"festa-del-vino-a-mor-hu","status":"publish","type":"page","link":"https:\/\/www.gruppofolkpievetesino.it\/?page_id=186","title":{"rendered":"Festa del Vino (HU)"},"content":{"rendered":"<p>Una bella esperienza quella vissuta, nei giorni scorsi, dal Gruppo Folkloristico di Pieve Tesino in terra d&#8217;Ungheria.<br \/>\nAccompagnato dall&#8217;Assessore comunale alla cultura di Pieve Tesino Chiara Avanzo, si \u00e8 esibito in occasione della tradizionale &#8220;MORI BORNAPOK&#8221;, la &#8220;Festa del Vino&#8221; di M\u00f2r, una cittadina ungherese di quasi 15 mila abitanti situata nella provincia di Fej\u00e8r.<br \/>\nAccolto dal Sindaco, il Gruppo si \u00e8 esibito sul palco assieme ad altre realt\u00e0 folkloristiche di Austria, Germania, Romania e Turchia, rappresentando degnamente l&#8217;Italia, come unico Gruppo partecipante.<br \/>\nSignificativa la sua partecipazione anche alla sfilata conclusiva lungo le vie della cittadina ungherese nella quale il Gruppo ha potuto sfoggiare il proprio costume tipico tradizionale, a detta di molti, uno dei pi\u00f9 belli presenti alla manifestazione.<\/p>\n","protected":false},"excerpt":{"rendered":"<p>Una bella esperienza quella vissuta, nei giorni scorsi, dal Gruppo Folkloristico di Pieve Tesino in terra d&#8217;Ungheria. Accompagnato dall&#8217;Assessore comunale alla cultura di Pieve Tesino Chiara Avanzo, si \u00e8 esibito in occasione della tradizionale &#8220;MORI BORNAPOK&#8221;, la &#8220;Festa del Vino&#8221; di M\u00f2r, una cittadina ungherese di quasi 15 mila abitanti situata nella provincia di Fej\u00e8r&#8230;.<\/p>\n","protected":false},"author":1,"featured_media":0,"parent":55,"menu_order":0,"comment_status":"closed","ping_status":"closed","template":"","meta":[],"_links":{"self":[{"href":"https:\/\/www.gruppofolkpievetesino.it\/index.php?rest_route=\/wp\/v2\/pages\/186"}],"collection":[{"href":"https:\/\/www.gruppofolkpievetesino.it\/index.php?rest_route=\/wp\/v2\/pages"}],"about":[{"href":"https:\/\/www.gruppofolkpievetesino.it\/index.php?rest_route=\/wp\/v2\/types\/page"}],"author":[{"embeddable":true,"href":"https:\/\/www.gruppofolkpievetesino.it\/index.php?rest_route=\/wp\/v2\/users\/1"}],"replies":[{"embeddable":true,"href":"https:\/\/www.gruppofolkpievetesino.it\/index.php?rest_route=%2Fwp%2Fv2%2Fcomments&post=186"}],"version-history":[{"count":9,"href":"https:\/\/www.gruppofolkpievetesino.it\/index.php?rest_route=\/wp\/v2\/pages\/186\/revisions"}],"predecessor-version":[{"id":727,"href":"https:\/\/www.gruppofolkpievetesino.it\/index.php?rest_route=\/wp\/v2\/pages\/186\/revisions\/727"}],"up":[{"embeddable":true,"href":"https:\/\/www.gruppofolkpievetesino.it\/index.php?rest_route=\/wp\/v2\/pages\/55"}],"wp:attachment":[{"href":"https:\/\/www.gruppofolkpievetesino.it\/index.php?rest_route=%2Fwp%2Fv2%2Fmedia&parent=186"}],"curies":[{"name":"wp","href":"https:\/\/api.w.org\/{rel}","templated":true}]}}